{"id":743,"date":"2023-11-23T22:47:16","date_gmt":"2023-11-23T22:47:16","guid":{"rendered":"https:\/\/wearekiwi.agency\/?page_id=743"},"modified":"2025-04-07T01:32:32","modified_gmt":"2025-04-07T01:32:32","slug":"contact","status":"publish","type":"page","link":"https:\/\/wearekiwi.agency\/es\/contact\/","title":{"rendered":"Contacto"},"content":{"rendered":"<div data-elementor-type=\"wp-page\" data-elementor-id=\"743\" class=\"elementor elementor-743\" data-elementor-post-type=\"page\">\n\t\t\t\t<div data-particle_enable=\"false\" data-particle-mobile-disabled=\"false\" class=\"elementor-element elementor-element-fdfc4a6 e-con-full e-flex e-con e-parent\" data-id=\"fdfc4a6\" data-element_type=\"container\">\n\t\t<div data-particle_enable=\"false\" data-particle-mobile-disabled=\"false\" class=\"elementor-element elementor-element-295ebce e-con-full e-flex e-con e-child\" data-id=\"295ebce\" data-element_type=\"container\">\n\t\t<div data-particle_enable=\"false\" data-particle-mobile-disabled=\"false\" class=\"elementor-element elementor-element-17d3540 e-con-full e-flex e-con e-child\" data-id=\"17d3540\" data-element_type=\"container\">\n\t\t\t\t<div class=\"elementor-element elementor-element-b2f8058 elementor-widget elementor-widget-text-editor\" data-id=\"b2f8058\" data-element_type=\"widget\" data-widget_type=\"text-editor.default\">\n\t\t\t\t<div class=\"elementor-widget-container\">\n\t\t\t\t\t\t\tCONTACTO\t\t\t\t\t\t<\/div>\n\t\t\t\t<\/div>\n\t\t\t\t<div class=\"elementor-element elementor-element-61de73c elementor-widget elementor-widget-heading\" data-id=\"61de73c\" data-element_type=\"widget\" data-widget_type=\"heading.default\">\n\t\t\t\t<div class=\"elementor-widget-container\">\n\t\t\t<h2 class=\"elementor-heading-title elementor-size-default\">Estamos aqu\u00ed para ayudarte a crecer\n<\/h2>\t\t<\/div>\n\t\t\t\t<\/div>\n\t\t\t\t<div class=\"elementor-element elementor-element-3caaf82 elementor-widget elementor-widget-text-editor\" data-id=\"3caaf82\" data-element_type=\"widget\" data-widget_type=\"text-editor.default\">\n\t\t\t\t<div class=\"elementor-widget-container\">\n\t\t\t\t\t\t\tContacta a la Agencia KIWI utilizando tu m\u00e9todo de comunicaci\u00f3n preferido. Nuestro equipo est\u00e1 listo para interactuar contigo y discutir c\u00f3mo nuestra experiencia en marketing digital puede impulsar tu \u00e9xito. Estamos aqu\u00ed para responder tus preguntas y comenzar un viaje hacia el logro de tus objetivos.\t\t\t\t\t\t<\/div>\n\t\t\t\t<\/div>\n\t\t<div data-particle_enable=\"false\" data-particle-mobile-disabled=\"false\" class=\"elementor-element elementor-element-a7c52f0 e-flex e-con-boxed e-con e-child\" data-id=\"a7c52f0\" data-element_type=\"container\" data-settings=\"{&quot;background_background&quot;:&quot;classic&quot;}\">\n\t\t\t\t\t<div class=\"e-con-inner\">\n\t\t<div data-particle_enable=\"false\" data-particle-mobile-disabled=\"false\" class=\"elementor-element elementor-element-226ce22 e-flex e-con-boxed e-con e-child\" data-id=\"226ce22\" data-element_type=\"container\">\n\t\t\t\t\t<div class=\"e-con-inner\">\n\t\t\t\t<div class=\"elementor-element elementor-element-7b8d0fc elementor-widget elementor-widget-text-editor\" data-id=\"7b8d0fc\" data-element_type=\"widget\" data-widget_type=\"text-editor.default\">\n\t\t\t\t<div class=\"elementor-widget-container\">\n\t\t\t\t\t\t\tTel\u00e9fono\t\t\t\t\t\t<\/div>\n\t\t\t\t<\/div>\n\t\t\t\t<div class=\"elementor-element elementor-element-4d816e8 elementor-widget elementor-widget-text-editor\" data-id=\"4d816e8\" data-element_type=\"widget\" data-widget_type=\"text-editor.default\">\n\t\t\t\t<div class=\"elementor-widget-container\">\n\t\t\t\t\t\t\t863-733-0901\t\t\t\t\t\t<\/div>\n\t\t\t\t<\/div>\n\t\t\t\t\t<\/div>\n\t\t\t\t<\/div>\n\t\t<div data-particle_enable=\"false\" data-particle-mobile-disabled=\"false\" class=\"elementor-element elementor-element-a218ae4 e-flex e-con-boxed e-con e-child\" data-id=\"a218ae4\" data-element_type=\"container\">\n\t\t\t\t\t<div class=\"e-con-inner\">\n\t\t\t\t<div class=\"elementor-element elementor-element-f7c0fa0 elementor-widget elementor-widget-text-editor\" data-id=\"f7c0fa0\" data-element_type=\"widget\" data-widget_type=\"text-editor.default\">\n\t\t\t\t<div class=\"elementor-widget-container\">\n\t\t\t\t\t\t\tDirecci\u00f3n de correo electr\u00f3nico\t\t\t\t\t\t<\/div>\n\t\t\t\t<\/div>\n\t\t\t\t<div class=\"elementor-element elementor-element-8a3cac4 elementor-widget elementor-widget-text-editor\" data-id=\"8a3cac4\" data-element_type=\"widget\" data-widget_type=\"text-editor.default\">\n\t\t\t\t<div class=\"elementor-widget-container\">\n\t\t\t\t\t\t\tinfo@wearekiwi.agency\t\t\t\t\t\t<\/div>\n\t\t\t\t<\/div>\n\t\t\t\t\t<\/div>\n\t\t\t\t<\/div>\n\t\t\t\t\t<\/div>\n\t\t\t\t<\/div>\n\t\t<div data-particle_enable=\"false\" data-particle-mobile-disabled=\"false\" class=\"elementor-element elementor-element-3e4a738 elementor-hidden-mobile e-flex e-con-boxed e-con e-child\" data-id=\"3e4a738\" data-element_type=\"container\" data-settings=\"{&quot;background_background&quot;:&quot;classic&quot;}\">\n\t\t\t\t\t<div class=\"e-con-inner\">\n\t\t<div data-particle_enable=\"false\" data-particle-mobile-disabled=\"false\" class=\"elementor-element elementor-element-f40fd6a e-con-full e-flex e-con e-child\" data-id=\"f40fd6a\" data-element_type=\"container\">\n\t\t\t\t<div class=\"elementor-element elementor-element-00410e9 elementor-view-stacked elementor-shape-circle elementor-widget elementor-widget-icon\" data-id=\"00410e9\" data-element_type=\"widget\" data-widget_type=\"icon.default\">\n\t\t\t\t<div class=\"elementor-widget-container\">\n\t\t\t\t\t<div class=\"elementor-icon-wrapper\">\n\t\t\t<div class=\"elementor-icon\">\n\t\t\t<svg xmlns=\"http:\/\/www.w3.org\/2000\/svg\" id=\"Layer_1\" height=\"512\" viewbox=\"0 0 512 512\" width=\"512\"><g><path d=\"m256 0c-103.278 0-187 83.774-187 187.101 0 113.753 77.942 140.558 118.835 210.301 38.07 64.902 38.101 114.598 68.165 114.598 31.177 0 29.209-46.296 68.165-114.597 38.945-68.312 118.835-96.549 118.835-210.302 0-103.327-83.722-187.101-187-187.101zm0 258.802c-38.636 0-69.958-31.338-69.958-69.99 0-19.337 7.83-36.829 20.493-49.5 12.662-12.661 30.147-20.501 49.465-20.501 38.636 0 69.947 31.338 69.947 70.001 0 38.652-31.311 69.99-69.947 69.99z\" fill=\"#4caf50\"><\/path><g><path d=\"m256 0c-5.205 0-10.357.223-15.455.64 96.046 7.864 171.545 88.341 171.545 186.461 0 113.753-79.89 141.99-118.835 210.301-30.854 54.097-36.039 94.384-52.351 108.803 4.182 3.767 9.027 5.795 15.096 5.795 31.177 0 29.209-46.296 68.165-114.597 38.945-68.312 118.835-96.549 118.835-210.302 0-103.327-83.722-187.101-187-187.101z\" fill=\"#43a047\"><\/path><\/g><path d=\"m206.533 139.315-122.946 123.013c-8.993-20.493-14.586-44.735-14.586-75.225 0-51.237 20.586-97.656 53.924-131.443z\" fill=\"#f44336\"><\/path><path d=\"m305.954 237.803c12.37-12.625 19.998-29.918 19.998-48.993 0-38.663-31.32-70-69.95-70-19.321 0-36.808 7.837-49.468 20.504l123.85-123.918c44.27 19.215 79.639 55.069 98.252 99.676l-122.678 122.745z\" fill=\"#42a5f5\"><\/path><path d=\"m330.384 15.396-10.44 10.446c41.535 24.508 72.777 64.613 85.667 112.268l23.026-23.038c-18.614-44.608-53.983-80.461-98.253-99.676z\" fill=\"#2196f3\"><\/path><path d=\"m305.958 237.817-135.026 135.101c-29.358-37.003-67.025-64.206-87.344-110.59l122.946-123.013c-12.66 12.667-20.493 30.164-20.493 49.496 0 38.651 31.32 69.988 69.961 69.988 19.566 0 37.256-8.039 49.952-20.996z\" fill=\"#ffc107\"><\/path><path d=\"m330.384 15.396-123.851 123.919-83.608-83.654c33.908-34.367 81.009-55.661 133.077-55.661 26.434 0 51.592 5.492 74.382 15.396z\" fill=\"#1e88e5\"><\/path><path d=\"m256.002 0c-5.204 0-10.356.222-15.453.64-.001 0-.002.001-.003.001 28.811 2.359 55.769 11.258 79.399 25.201l10.44-10.446c-22.791-9.904-47.949-15.396-74.383-15.396z\" fill=\"#1976d2\"><\/path><\/g><\/svg>\t\t\t<\/div>\n\t\t<\/div>\n\t\t\t\t<\/div>\n\t\t\t\t<\/div>\n\t\t\t\t<div class=\"elementor-element elementor-element-f70f0a1 elementor-widget elementor-widget-text-editor\" data-id=\"f70f0a1\" data-element_type=\"widget\" data-widget_type=\"text-editor.default\">\n\t\t\t\t<div class=\"elementor-widget-container\">\n\t\t\t\t\t\t\t600 Parkview Dr,\nHallandale Beach, FL 33009\t\t\t\t\t\t<\/div>\n\t\t\t\t<\/div>\n\t\t\t\t<\/div>\n\t\t<div data-particle_enable=\"false\" data-particle-mobile-disabled=\"false\" class=\"elementor-element elementor-element-261f16e e-con-full e-flex e-con e-child\" data-id=\"261f16e\" data-element_type=\"container\">\n\t\t\t\t<div class=\"elementor-element elementor-element-ff92135 elementor-view-stacked elementor-shape-circle elementor-widget elementor-widget-icon\" data-id=\"ff92135\" data-element_type=\"widget\" data-widget_type=\"icon.default\">\n\t\t\t\t<div class=\"elementor-widget-container\">\n\t\t\t\t\t<div class=\"elementor-icon-wrapper\">\n\t\t\t<div class=\"elementor-icon\">\n\t\t\t<svg xmlns=\"http:\/\/www.w3.org\/2000\/svg\" id=\"Layer_1\" height=\"512\" viewbox=\"0 0 512 512\" width=\"512\"><g><path d=\"m256 0c-103.278 0-187 83.774-187 187.101 0 113.753 77.942 140.558 118.835 210.301 38.07 64.902 38.101 114.598 68.165 114.598 31.177 0 29.209-46.296 68.165-114.597 38.945-68.312 118.835-96.549 118.835-210.302 0-103.327-83.722-187.101-187-187.101zm0 258.802c-38.636 0-69.958-31.338-69.958-69.99 0-19.337 7.83-36.829 20.493-49.5 12.662-12.661 30.147-20.501 49.465-20.501 38.636 0 69.947 31.338 69.947 70.001 0 38.652-31.311 69.99-69.947 69.99z\" fill=\"#4caf50\"><\/path><g><path d=\"m256 0c-5.205 0-10.357.223-15.455.64 96.046 7.864 171.545 88.341 171.545 186.461 0 113.753-79.89 141.99-118.835 210.301-30.854 54.097-36.039 94.384-52.351 108.803 4.182 3.767 9.027 5.795 15.096 5.795 31.177 0 29.209-46.296 68.165-114.597 38.945-68.312 118.835-96.549 118.835-210.302 0-103.327-83.722-187.101-187-187.101z\" fill=\"#43a047\"><\/path><\/g><path d=\"m206.533 139.315-122.946 123.013c-8.993-20.493-14.586-44.735-14.586-75.225 0-51.237 20.586-97.656 53.924-131.443z\" fill=\"#f44336\"><\/path><path d=\"m305.954 237.803c12.37-12.625 19.998-29.918 19.998-48.993 0-38.663-31.32-70-69.95-70-19.321 0-36.808 7.837-49.468 20.504l123.85-123.918c44.27 19.215 79.639 55.069 98.252 99.676l-122.678 122.745z\" fill=\"#42a5f5\"><\/path><path d=\"m330.384 15.396-10.44 10.446c41.535 24.508 72.777 64.613 85.667 112.268l23.026-23.038c-18.614-44.608-53.983-80.461-98.253-99.676z\" fill=\"#2196f3\"><\/path><path d=\"m305.958 237.817-135.026 135.101c-29.358-37.003-67.025-64.206-87.344-110.59l122.946-123.013c-12.66 12.667-20.493 30.164-20.493 49.496 0 38.651 31.32 69.988 69.961 69.988 19.566 0 37.256-8.039 49.952-20.996z\" fill=\"#ffc107\"><\/path><path d=\"m330.384 15.396-123.851 123.919-83.608-83.654c33.908-34.367 81.009-55.661 133.077-55.661 26.434 0 51.592 5.492 74.382 15.396z\" fill=\"#1e88e5\"><\/path><path d=\"m256.002 0c-5.204 0-10.356.222-15.453.64-.001 0-.002.001-.003.001 28.811 2.359 55.769 11.258 79.399 25.201l10.44-10.446c-22.791-9.904-47.949-15.396-74.383-15.396z\" fill=\"#1976d2\"><\/path><\/g><\/svg>\t\t\t<\/div>\n\t\t<\/div>\n\t\t\t\t<\/div>\n\t\t\t\t<\/div>\n\t\t\t\t<div class=\"elementor-element elementor-element-31238bd elementor-widget elementor-widget-text-editor\" data-id=\"31238bd\" data-element_type=\"widget\" data-widget_type=\"text-editor.default\">\n\t\t\t\t<div class=\"elementor-widget-container\">\n\t\t\t\t\t\t\t30 North Gould Street Ste R, Sheridan, WY US\t\t\t\t\t\t<\/div>\n\t\t\t\t<\/div>\n\t\t\t\t<\/div>\n\t\t\t\t\t<\/div>\n\t\t\t\t<\/div>\n\t\t\t\t<\/div>\n\t\t<div data-particle_enable=\"false\" data-particle-mobile-disabled=\"false\" class=\"elementor-element elementor-element-9d1184c elementor-hidden-mobile e-flex e-con-boxed e-con e-child\" data-id=\"9d1184c\" data-element_type=\"container\" data-settings=\"{&quot;background_background&quot;:&quot;classic&quot;}\">\n\t\t\t\t\t<div class=\"e-con-inner\">\n\t\t<div data-particle_enable=\"false\" data-particle-mobile-disabled=\"false\" class=\"elementor-element elementor-element-9085549 e-con-full e-flex e-con e-child\" data-id=\"9085549\" data-element_type=\"container\">\n\t\t<div data-particle_enable=\"false\" data-particle-mobile-disabled=\"false\" data-dce-background-color=\"#FFFFFF\" class=\"elementor-element elementor-element-d8f9cac e-flex e-con-boxed e-con e-child\" data-id=\"d8f9cac\" data-element_type=\"container\" data-settings=\"{&quot;background_background&quot;:&quot;classic&quot;}\">\n\t\t\t\t\t<div class=\"e-con-inner\">\n\t\t\t\t<div class=\"elementor-element elementor-element-4fe28df elementor-widget elementor-widget-heading\" data-id=\"4fe28df\" data-element_type=\"widget\" data-widget_type=\"heading.default\">\n\t\t\t\t<div class=\"elementor-widget-container\">\n\t\t\t<h2 class=\"elementor-heading-title elementor-size-default\">P\u00f3ngase en contacto ahora<\/h2>\t\t<\/div>\n\t\t\t\t<\/div>\n\t\t\t\t<div class=\"elementor-element elementor-element-c3481e7 elementor-widget-divider--view-line elementor-widget elementor-widget-divider\" data-id=\"c3481e7\" data-element_type=\"widget\" data-widget_type=\"divider.default\">\n\t\t\t\t<div class=\"elementor-widget-container\">\n\t\t\t\t\t<div class=\"elementor-divider\">\n\t\t\t<span class=\"elementor-divider-separator\">\n\t\t\t\t\t\t<\/span>\n\t\t<\/div>\n\t\t\t\t<\/div>\n\t\t\t\t<\/div>\n\t\t\t\t<div class=\"elementor-element elementor-element-a64d6ea elementor-button-align-stretch elementor-widget elementor-widget-form\" data-id=\"a64d6ea\" data-element_type=\"widget\" data-settings=\"{&quot;step_next_label&quot;:&quot;Next&quot;,&quot;step_previous_label&quot;:&quot;Previous&quot;,&quot;step_type&quot;:&quot;progress_bar&quot;,&quot;button_width&quot;:&quot;100&quot;,&quot;dce_confirm_dialog_enabled&quot;:&quot;no&quot;,&quot;label_icon_size&quot;:{&quot;unit&quot;:&quot;px&quot;,&quot;size&quot;:&quot;&quot;,&quot;sizes&quot;:[]},&quot;field_icon_size&quot;:{&quot;unit&quot;:&quot;px&quot;,&quot;size&quot;:&quot;&quot;,&quot;sizes&quot;:[]}}\" data-widget_type=\"form.default\">\n\t\t\t\t<div class=\"elementor-widget-container\">\n\t\t\t\t\t<form class=\"elementor-form\" method=\"post\" name=\"Contact us Form\" action=\"\">\n\t\t\t<input type=\"hidden\" name=\"post_id\" value=\"743\"\/>\n\t\t\t<input type=\"hidden\" name=\"form_id\" value=\"a64d6ea\"\/>\n\t\t\t<input type=\"hidden\" name=\"referer_title\" value=\"\" \/>\n\n\t\t\t\n\t\t\t<div class=\"elementor-form-fields-wrapper elementor-labels-\">\n\t\t\t\t\t\t\t\t<div class=\"elementor-field-type-text elementor-field-group elementor-column elementor-field-group-name elementor-col-100 elementor-field-required\">\n\t\t\t\t\t\t\t\t\t\t\t\t<label for=\"form-field-name\" class=\"elementor-field-label elementor-screen-only\">\n\t\t\t\t\t\t\t\tName\t\t\t\t\t\t\t<\/label>\n\t\t\t\t\t\t\t\t\t\t\t\t\t\t<input size=\"1\" type=\"text\" name=\"form_fields[name]\" id=\"form-field-name\" class=\"elementor-field elementor-size-lg  elementor-field-textual\" placeholder=\"Tu nombre\" required=\"required\" aria-required=\"true\">\n\t\t\t\t\t\t\t\t\t\t\t<\/div>\n\t\t\t\t\t\t\t\t<div class=\"elementor-field-type-email elementor-field-group elementor-column elementor-field-group-field_97414d7 elementor-col-100 elementor-field-required\">\n\t\t\t\t\t\t\t\t\t\t\t\t<label for=\"form-field-field_97414d7\" class=\"elementor-field-label elementor-screen-only\">\n\t\t\t\t\t\t\t\tEmail\t\t\t\t\t\t\t<\/label>\n\t\t\t\t\t\t\t\t\t\t\t\t\t\t<input size=\"1\" type=\"email\" name=\"form_fields[field_97414d7]\" id=\"form-field-field_97414d7\" class=\"elementor-field elementor-size-lg  elementor-field-textual\" placeholder=\"Tu correo electr\u00f3nico\" required=\"required\" aria-required=\"true\">\n\t\t\t\t\t\t\t\t\t\t\t<\/div>\n\t\t\t\t\t\t\t\t<div class=\"elementor-field-type-text elementor-field-group elementor-column elementor-field-group-field_93c2c27 elementor-col-100 elementor-field-required\">\n\t\t\t\t\t\t\t\t\t\t\t\t<label for=\"form-field-field_93c2c27\" class=\"elementor-field-label elementor-screen-only\">\n\t\t\t\t\t\t\t\tNombre de la empresa\t\t\t\t\t\t\t<\/label>\n\t\t\t\t\t\t\t\t\t\t\t\t\t\t<input size=\"1\" type=\"text\" name=\"form_fields[field_93c2c27]\" id=\"form-field-field_93c2c27\" class=\"elementor-field elementor-size-lg  elementor-field-textual\" placeholder=\"Nombre de la empresa\" required=\"required\" aria-required=\"true\">\n\t\t\t\t\t\t\t\t\t\t\t<\/div>\n\t\t\t\t\t\t\t\t<div class=\"elementor-field-type-text elementor-field-group elementor-column elementor-field-group-field_b2b3a82 elementor-col-100 elementor-field-required\">\n\t\t\t\t\t\t\t\t\t\t\t\t<label for=\"form-field-field_b2b3a82\" class=\"elementor-field-label elementor-screen-only\">\n\t\t\t\t\t\t\t\tTel\u00e9fono\t\t\t\t\t\t\t<\/label>\n\t\t\t\t\t\t\t\t\t\t\t\t\t\t<input size=\"1\" type=\"text\" name=\"form_fields[field_b2b3a82]\" id=\"form-field-field_b2b3a82\" class=\"elementor-field elementor-size-lg  fme-mask-input elementor-field-textual\" placeholder=\"Tel\u00e9fono\" required=\"required\" aria-required=\"true\" data-fme-mask=\"ev-tel-us\">\n\t\t\t\t\t\t\t\t\t\t\t<\/div>\n\t\t\t\t\t\t\t\t<div class=\"elementor-field-type-textarea elementor-field-group elementor-column elementor-field-group-field_4e29ddf elementor-col-100 elementor-field-required\">\n\t\t\t\t\t\t\t\t\t\t\t\t<label for=\"form-field-field_4e29ddf\" class=\"elementor-field-label elementor-screen-only\">\n\t\t\t\t\t\t\t\tComentarios o preguntas\t\t\t\t\t\t\t<\/label>\n\t\t\t\t\t\t<textarea class=\"elementor-field-textual elementor-field  elementor-size-lg\" name=\"form_fields[field_4e29ddf]\" id=\"form-field-field_4e29ddf\" rows=\"4\" placeholder=\"Comentarios o preguntas\" required=\"required\" aria-required=\"true\"><\/textarea>\t\t\t\t<\/div>\n\t\t\t\t\t\t\t\t<div class=\"elementor-field-type-recaptcha_v3 elementor-field-group elementor-column elementor-field-group-field_9e3b41b elementor-col-100 recaptcha_v3-bottomleft\">\n\t\t\t\t\t<div class=\"elementor-field\" id=\"form-field-field_9e3b41b\"><div class=\"elementor-g-recaptcha\" data-sitekey=\"6LdRqrUdAAAAADxpVjmmmYBJ1HYDHhtjZN5AjAI6\" data-type=\"v3\" data-action=\"Form\" data-badge=\"bottomleft\" data-size=\"invisible\"><\/div><\/div>\t\t\t\t<\/div>\n\t\t\t\t\t\t\t\t<div class=\"elementor-field-group elementor-column elementor-field-type-submit elementor-col-100 e-form__buttons\">\n\t\t\t\t\t<button class=\"elementor-button elementor-size-lg\" type=\"submit\">\n\t\t\t\t\t\t<span class=\"elementor-button-content-wrapper\">\n\t\t\t\t\t\t\t\t\t\t\t\t\t\t\t<span class=\"elementor-button-icon\">\n\t\t\t\t\t\t\t\t\t<svg aria-hidden=\"true\" class=\"e-font-icon-svg e-fas-arrow-right\" viewbox=\"0 0 448 512\" xmlns=\"http:\/\/www.w3.org\/2000\/svg\"><path d=\"M190.5 66.9l22.2-22.2c9.4-9.4 24.6-9.4 33.9 0L441 239c9.4 9.4 9.4 24.6 0 33.9L246.6 467.3c-9.4 9.4-24.6 9.4-33.9 0l-22.2-22.2c-9.5-9.5-9.3-25 .4-34.3L311.4 296H24c-13.3 0-24-10.7-24-24v-32c0-13.3 10.7-24 24-24h287.4L190.9 101.2c-9.8-9.3-10-24.8-.4-34.3z\"><\/path><\/svg>\t\t\t\t\t\t\t\t\t\t\t\t\t\t\t\t\t<\/span>\n\t\t\t\t\t\t\t\t\t\t\t\t\t\t\t\t\t\t\t\t\t\t<span class=\"elementor-button-text\">Ponte en contacto<\/span>\n\t\t\t\t\t\t\t\t\t\t\t\t\t<\/span>\n\t\t\t\t\t<\/button>\n\t\t\t\t<\/div>\n\t\t\t<\/div>\n\t\t<input type=\"hidden\" name=\"trp-form-language\" value=\"es\"\/><\/form>\n\t\t\t\t<\/div>\n\t\t\t\t<\/div>\n\t\t\t\t<div class=\"elementor-element elementor-element-01a2b22 elementor-widget elementor-widget-text-editor\" data-id=\"01a2b22\" data-element_type=\"widget\" data-widget_type=\"text-editor.default\">\n\t\t\t\t<div class=\"elementor-widget-container\">\n\t\t\t\t\t\t\tAl enviar este formulario, usted consiente que KIWI Agency recopile y utilice su informaci\u00f3n personal de acuerdo con nuestra <a href=\"https:\/\/wearekiwi.agency\/es\/privacy-policy\/\">Pol\u00edtica de privacidad.<\/a> Tus datos ser\u00e1n tratados con cuidado y utilizados \u00fanicamente para los fines descritos all\u00ed.\t\t\t\t\t\t<\/div>\n\t\t\t\t<\/div>\n\t\t\t\t\t<\/div>\n\t\t\t\t<\/div>\n\t\t\t\t<\/div>\n\t\t\t\t\t<\/div>\n\t\t\t\t<\/div>\n\t\t\t\t<\/div>\n\t\t\t\t<\/div>\n\t\t\t\t<\/div>","protected":false},"excerpt":{"rendered":"<p>CONTACT We\u2019re here to help you grow Contact KIWI Agency using your preferred communication method. Our team is ready to engage with you and discuss how our expertise in digital marketing can drive your success. We&#8217;re here to answer your questions and start a journey towards achieving your goals.Phone number863-733-0901Email addressinfo@wearekiwi.agency 600 Parkview Dr, Hallandale [&hellip;]<\/p>","protected":false},"author":1,"featured_media":0,"parent":0,"menu_order":0,"comment_status":"closed","ping_status":"closed","template":"elementor_header_footer","meta":{"rank_math_lock_modified_date":false,"footnotes":""},"class_list":["post-743","page","type-page","status-publish","hentry"],"_links":{"self":[{"href":"https:\/\/wearekiwi.agency\/es\/wp-json\/wp\/v2\/pages\/743"}],"collection":[{"href":"https:\/\/wearekiwi.agency\/es\/wp-json\/wp\/v2\/pages"}],"about":[{"href":"https:\/\/wearekiwi.agency\/es\/wp-json\/wp\/v2\/types\/page"}],"author":[{"embeddable":true,"href":"https:\/\/wearekiwi.agency\/es\/wp-json\/wp\/v2\/users\/1"}],"replies":[{"embeddable":true,"href":"https:\/\/wearekiwi.agency\/es\/wp-json\/wp\/v2\/comments?post=743"}],"version-history":[{"count":154,"href":"https:\/\/wearekiwi.agency\/es\/wp-json\/wp\/v2\/pages\/743\/revisions"}],"predecessor-version":[{"id":6687,"href":"https:\/\/wearekiwi.agency\/es\/wp-json\/wp\/v2\/pages\/743\/revisions\/6687"}],"wp:attachment":[{"href":"https:\/\/wearekiwi.agency\/es\/wp-json\/wp\/v2\/media?parent=743"}],"curies":[{"name":"wp","href":"https:\/\/api.w.org\/{rel}","templated":true}]}}